{"id":19,"date":"2025-06-13T07:24:37","date_gmt":"2025-06-13T07:24:37","guid":{"rendered":"https:\/\/collana-solutions.ch\/?page_id=19"},"modified":"2026-04-01T08:03:56","modified_gmt":"2026-04-01T07:03:56","slug":"impressum","status":"publish","type":"page","link":"https:\/\/collana-solutions.ch\/en\/impressum\/","title":{"rendered":"Legal Notice"},"content":{"rendered":"<div data-elementor-type=\"wp-page\" data-elementor-id=\"19\" class=\"elementor elementor-19\" data-elementor-post-type=\"page\">\n\t\t\t\t<div class=\"elementor-element elementor-element-3dd1d48 e-flex e-con-boxed e-con e-parent\" data-id=\"3dd1d48\" data-element_type=\"container\" data-e-type=\"container\">\n\t\t\t\t\t<div class=\"e-con-inner\">\n\t\t\t\t<div class=\"elementor-element elementor-element-017c032 elementor-widget elementor-widget-heading\" data-id=\"017c032\" data-element_type=\"widget\" data-e-type=\"widget\" data-widget_type=\"heading.default\">\n\t\t\t\t<div class=\"elementor-widget-container\">\n\t\t\t\t\t<h2 class=\"elementor-heading-title elementor-size-default\">Legal Notice<\/h2>\t\t\t\t<\/div>\n\t\t\t\t<\/div>\n\t\t<div class=\"elementor-element elementor-element-80732d7 e-con-full e-flex e-con e-child\" data-id=\"80732d7\" data-element_type=\"container\" data-e-type=\"container\">\n\t\t<div class=\"elementor-element elementor-element-33c12d6 e-con-full e-flex e-con e-child\" data-id=\"33c12d6\" data-element_type=\"container\" data-e-type=\"container\">\n\t\t\t\t<div class=\"elementor-element elementor-element-33c7e90 elementor-widget__width-initial elementor-widget elementor-widget-text-editor\" data-id=\"33c7e90\" data-element_type=\"widget\" data-e-type=\"widget\" data-widget_type=\"text-editor.default\">\n\t\t\t\t<div class=\"elementor-widget-container\">\n\t\t\t\t\t\t\t\t\t<p>Responsible for the content of this website:<\/p><p>collana solutions AG<br \/>Sihleggstrasse 23<br \/>CH-8832 Wollerau\nSwitzerland<\/p><p>Telefon: 0041 43 501 17 17<br \/>\u202fwww.collana-solutions.ch<br \/>info.csag@collana.com<\/p><p><strong>Managing Directors<\/strong><\/p><p>Herbert Haefeli<br \/>Florian Wermelinger<\/p><p><strong>Commercial Register<\/strong><\/p><p>Registered with the Commercial Register of the Canton of Schwyz<br \/><span data-teams=\"true\"><strong>CH-020-3027436-2<\/strong><\/span><\/p><p><strong>VAT Number (UID)<br \/><\/strong>CHE-110.511.337<\/p>\t\t\t\t\t\t\t\t<\/div>\n\t\t\t\t<\/div>\n\t\t\t\t<\/div>\n\t\t<div class=\"elementor-element elementor-element-527ed0a e-con-full e-flex e-con e-child\" data-id=\"527ed0a\" data-element_type=\"container\" data-e-type=\"container\">\n\t\t\t\t<div class=\"elementor-element elementor-element-5e7e2c7 elementor-widget__width-initial elementor-widget elementor-widget-text-editor\" data-id=\"5e7e2c7\" data-element_type=\"widget\" data-e-type=\"widget\" data-widget_type=\"text-editor.default\">\n\t\t\t\t<div class=\"elementor-widget-container\">\n\t\t\t\t\t\t\t\t\t<p><strong>Disclaimer for External Links<\/strong><\/p><p>Our website may contain links to third-party websites. We have no influence over the content of these external websites and therefore accept no liability for such content. The respective provider or operator is always responsible for the content of any linked pages.<\/p><p>If we become aware of any legal infringements, we will remove the relevant links immediately. Please inform us if you have any corresponding information.<\/p><p><strong>Image Credits \/ Sources<\/strong><\/p><ul><li><a href=\"https:\/\/jacoblund.com\/\" target=\"_blank\" rel=\"noopener\"><strong>Jacob Lund Photography<\/strong><\/a><\/li><li><strong>Ex Libris AG<\/strong><\/li><li><strong>Zweifel Chips &amp; Snacks AG<br \/><\/strong><\/li><\/ul><p><strong><br \/>Data Protection Officer<\/strong><\/p><p>Keyed GmbH<br \/>Siemensstra\u00dfe 12<br \/>48341 Altenberge<br \/>Deutschland<br \/><a href=\"mailto:info@keyed.de\">info@keyed.de<\/a><\/p><p><strong>Concept &amp; Design<\/strong><\/p><p>K 16 GmbH<br \/>Block Q | IV. Boden<br \/>St. Annenufer 5<br \/>20457 Hamburg<br \/><a href=\"mailto:info@k16.de\">info@k16.de<\/a><br \/><a href=\"https:\/\/www.konkav.agency\/\" target=\"_blank\" rel=\"noopener\">https:\/\/www.konkav.agency\/<\/a><\/p><p><strong>Technical Implementation<\/strong><\/p><p>collana IT GmbH<br \/>\u202fwww.collana-it.com<br \/>\u202fcommunications@collana-it.com<\/p><p><strong>General Terms and Conditions (GTC)<\/strong><\/p><p>The General Terms and Conditions of collana solutions AG apply.<\/p><p><strong>Last updated: June 2025<\/strong><\/p>\t\t\t\t\t\t\t\t<\/div>\n\t\t\t\t<\/div>\n\t\t\t\t<\/div>\n\t\t\t\t<\/div>\n\t\t\t\t\t<\/div>\n\t\t\t\t<\/div>\n\t\t\t\t<\/div>","protected":false},"excerpt":{"rendered":"<p>Impressum. Verantwortlich f\u00fcr den Inhalt dieser Website ist: collana solutions AGSihleggstrasse 23CH-8832 Wollerau Telefon: 0041 43 501 17 17\u202fwww.collana-solutions.chinfo.csag@collana.com Gesch\u00e4ftsf\u00fchrer Herbert HaefeliFlorian Wermelinger Handelsregistereintrag Eingetragen im Handelsregister des Kantons SchwyzCH-020-3027436-2 Mehrwertsteuernummer (UID)CHE-110.511.337 Haftungsausschluss f\u00fcr externe Links Unsere Website enth\u00e4lt ggf. Links zu externen Websites Dritter, auf deren Inhalte wir keinen Einfluss haben. Deshalb k\u00f6nnen wir [&hellip;]<\/p>\n","protected":false},"author":2,"featured_media":0,"parent":0,"menu_order":100,"comment_status":"closed","ping_status":"closed","template":"","meta":{"footnotes":""},"class_list":["post-19","page","type-page","status-publish","hentry"],"_links":{"self":[{"href":"https:\/\/collana-solutions.ch\/en\/wp-json\/wp\/v2\/pages\/19","targetHints":{"allow":["GET"]}}],"collection":[{"href":"https:\/\/collana-solutions.ch\/en\/wp-json\/wp\/v2\/pages"}],"about":[{"href":"https:\/\/collana-solutions.ch\/en\/wp-json\/wp\/v2\/types\/page"}],"author":[{"embeddable":true,"href":"https:\/\/collana-solutions.ch\/en\/wp-json\/wp\/v2\/users\/2"}],"replies":[{"embeddable":true,"href":"https:\/\/collana-solutions.ch\/en\/wp-json\/wp\/v2\/comments?post=19"}],"version-history":[{"count":43,"href":"https:\/\/collana-solutions.ch\/en\/wp-json\/wp\/v2\/pages\/19\/revisions"}],"predecessor-version":[{"id":1700,"href":"https:\/\/collana-solutions.ch\/en\/wp-json\/wp\/v2\/pages\/19\/revisions\/1700"}],"wp:attachment":[{"href":"https:\/\/collana-solutions.ch\/en\/wp-json\/wp\/v2\/media?parent=19"}],"curies":[{"name":"wp","href":"https:\/\/api.w.org\/{rel}","templated":true}]}}